{"id":868,"date":"2020-05-11T16:26:06","date_gmt":"2020-05-11T14:26:06","guid":{"rendered":"https:\/\/edetaria.com\/?post_type=product&#038;p=868"},"modified":"2026-02-28T22:42:39","modified_gmt":"2026-02-28T20:42:39","slug":"lot-3b-magnum-blanc","status":"publish","type":"product","link":"https:\/\/edetaria.com\/es\/vins\/lot-3b-magnum-blanc\/","title":{"rendered":"Lote 4:  EDET\u00c0RIA SELECCI\u00d3 ESTUCHE 2 BOTELLAS"},"content":{"rendered":"<p>Estuche\u00a0 2 botellas Edet\u00e0ria Selecci\u00f3: 1 botella Edet\u00e0ria Selecci\u00f3 Blanc\u00a0 + 1 botella Vi de Finca el Mas d&#8217;Edet\u00e0ria Selecci\u00f3 .<\/p>","protected":false},"excerpt":{"rendered":"Estuche\u00a0 2 botellas Edet\u00e0ria Selecci\u00f3: 1 botella Edet\u00e0ria Selecci\u00f3 Blanc\u00a0 + 1 botella Vi de Finca el Mas d&#8217;Edet\u00e0ria Selecci\u00f3 .","protected":false},"featured_media":1716,"template":"","meta":{"_acf_changed":false},"product_cat":[90],"product_tag":[],"acf":[],"_links":{"self":[{"href":"https:\/\/edetaria.com\/es\/wp-json\/wp\/v2\/product\/868"}],"collection":[{"href":"https:\/\/edetaria.com\/es\/wp-json\/wp\/v2\/product"}],"about":[{"href":"https:\/\/edetaria.com\/es\/wp-json\/wp\/v2\/types\/product"}],"wp:featuredmedia":[{"embeddable":true,"href":"https:\/\/edetaria.com\/es\/wp-json\/wp\/v2\/media\/1716"}],"wp:attachment":[{"href":"https:\/\/edetaria.com\/es\/wp-json\/wp\/v2\/media?parent=868"}],"wp:term":[{"taxonomy":"product_cat","embeddable":true,"href":"https:\/\/edetaria.com\/es\/wp-json\/wp\/v2\/product_cat?post=868"},{"taxonomy":"product_tag","embeddable":true,"href":"https:\/\/edetaria.com\/es\/wp-json\/wp\/v2\/product_tag?post=868"}],"curies":[{"name":"wp","href":"https:\/\/api.w.org\/{rel}","templated":true}]}}