{"id":17,"date":"2019-01-29T18:41:29","date_gmt":"2019-01-29T16:41:29","guid":{"rendered":"http:\/\/edetaria\/?post_type=product&#038;p=17"},"modified":"2025-06-24T18:01:39","modified_gmt":"2025-06-24T16:01:39","slug":"via-terra-blanc","status":"publish","type":"product","link":"https:\/\/edetaria.com\/es\/vins\/via-terra-blanc\/","title":{"rendered":"Via Terra Blanco"},"content":{"rendered":"<p>Elaborado con Garnacha blanca de nuestras vi\u00f1as situadas en la Plana de Gandesa. Combinamos dos vendimias, una temprana que aportar\u00e1 el frescor frutal y otra, unas dos semanas m\u00e1s tarde, que nos aportar\u00e1 toda la calidez de la garnacha. Despu\u00e9s de la fermentaci\u00f3n, realizamos el ensamblado de las dos y realizamos una crianza con las l\u00edas finas para extraer toda la cremosidad y delicadez. El resultado es un vino de Garnacha blanca original, fresco y gastron\u00f3mico.<\/p>","protected":false},"excerpt":{"rendered":"Elaborado con Garnacha blanca de nuestras vi\u00f1as situadas en la Plana de Gandesa. Combinamos dos vendimias, una temprana que aportar\u00e1 el frescor frutal y otra, unas dos semanas m\u00e1s tarde, que nos aportar\u00e1 toda la calidez de la garnacha. Despu\u00e9s de la fermentaci\u00f3n, realizamos el ensamblado de las dos y realizamos una crianza con las&#8230;","protected":false},"featured_media":230,"template":"","meta":{"_acf_changed":false},"product_cat":[32],"product_tag":[],"acf":[],"_links":{"self":[{"href":"https:\/\/edetaria.com\/es\/wp-json\/wp\/v2\/product\/17"}],"collection":[{"href":"https:\/\/edetaria.com\/es\/wp-json\/wp\/v2\/product"}],"about":[{"href":"https:\/\/edetaria.com\/es\/wp-json\/wp\/v2\/types\/product"}],"wp:featuredmedia":[{"embeddable":true,"href":"https:\/\/edetaria.com\/es\/wp-json\/wp\/v2\/media\/230"}],"wp:attachment":[{"href":"https:\/\/edetaria.com\/es\/wp-json\/wp\/v2\/media?parent=17"}],"wp:term":[{"taxonomy":"product_cat","embeddable":true,"href":"https:\/\/edetaria.com\/es\/wp-json\/wp\/v2\/product_cat?post=17"},{"taxonomy":"product_tag","embeddable":true,"href":"https:\/\/edetaria.com\/es\/wp-json\/wp\/v2\/product_tag?post=17"}],"curies":[{"name":"wp","href":"https:\/\/api.w.org\/{rel}","templated":true}]}}