{"id":1424,"date":"2022-10-20T16:06:32","date_gmt":"2022-10-20T14:06:32","guid":{"rendered":"https:\/\/edetaria.com\/?post_type=product&#038;p=1424"},"modified":"2025-02-12T12:14:53","modified_gmt":"2025-02-12T10:14:53","slug":"dolc-garnatxa-blanca","status":"publish","type":"product","link":"https:\/\/edetaria.com\/es\/vins\/dolc-garnatxa-blanca\/","title":{"rendered":"DOL\u00c7 GARNATXA BLANCA"},"content":{"rendered":"<p>La Terra Alta\u00a0 ha sido siempre la cuna de la garnacha blanca donde siempre se han elaborado grandes vinos rancios y m\u00edstelas. Con este Dol\u00e7 de Garnacha Blanca, queremos rendir homenaje a esta tradici\u00f3n de vendimias tard\u00edas, con una sobremaduraci\u00f3n de nuestros vi\u00f1edos m\u00e1s selectos.<\/p>","protected":false},"excerpt":{"rendered":"La Terra Alta\u00a0 ha sido siempre la cuna de la garnacha blanca donde siempre se han elaborado grandes vinos rancios y m\u00edstelas. Con este Dol\u00e7 de Garnacha Blanca, queremos rendir homenaje a esta tradici\u00f3n de vendimias tard\u00edas, con una sobremaduraci\u00f3n de nuestros vi\u00f1edos m\u00e1s selectos.","protected":false},"featured_media":1471,"template":"","meta":{"_acf_changed":false},"product_cat":[34],"product_tag":[],"acf":[],"_links":{"self":[{"href":"https:\/\/edetaria.com\/es\/wp-json\/wp\/v2\/product\/1424"}],"collection":[{"href":"https:\/\/edetaria.com\/es\/wp-json\/wp\/v2\/product"}],"about":[{"href":"https:\/\/edetaria.com\/es\/wp-json\/wp\/v2\/types\/product"}],"wp:featuredmedia":[{"embeddable":true,"href":"https:\/\/edetaria.com\/es\/wp-json\/wp\/v2\/media\/1471"}],"wp:attachment":[{"href":"https:\/\/edetaria.com\/es\/wp-json\/wp\/v2\/media?parent=1424"}],"wp:term":[{"taxonomy":"product_cat","embeddable":true,"href":"https:\/\/edetaria.com\/es\/wp-json\/wp\/v2\/product_cat?post=1424"},{"taxonomy":"product_tag","embeddable":true,"href":"https:\/\/edetaria.com\/es\/wp-json\/wp\/v2\/product_tag?post=1424"}],"curies":[{"name":"wp","href":"https:\/\/api.w.org\/{rel}","templated":true}]}}